{"id":8,"date":"2011-06-01T11:47:06","date_gmt":"2011-06-01T11:47:06","guid":{"rendered":"http:\/\/www.28ppp.de\/lisa-elbert\/?page_id=8"},"modified":"2011-07-06T07:20:32","modified_gmt":"2011-07-06T07:20:32","slug":"mein-pate","status":"publish","type":"page","link":"https:\/\/www.28ppp.de\/lisa-elbert\/mein-pate\/","title":{"rendered":"Mein Pate"},"content":{"rendered":"<p><strong>Die Funktion als Pate \u00fcbernimmt f\u00fcr mich Wolfgang Z\u00f6ller MdB CSU:<\/strong><\/p>\n<p><strong>\u00a0\u00a0\u00a0\u00a0\u00a0\u00a0<img loading=\"lazy\" decoding=\"async\" src=\"http:\/\/www.wolfgang-zoeller.de\/download\/CY1b4c31bfX127524356ffXY5332\/Zoeller_19.11.09_014.jpg\" alt=\"\" width=\"152\" height=\"199\" \/>\u00a0\u00a0\u00a0\u00a0\u00a0\u00a0\u00a0\u00a0\u00a0\u00a0\u00a0\u00a0\u00a0\u00a0\u00a0\u00a0\u00a0\u00a0\u00a0\u00a0\u00a0\u00a0\u00a0\u00a0\u00a0\u00a0\u00a0\u00a0\u00a0\u00a0\u00a0\u00a0\u00a0\u00a0\u00a0\u00a0\u00a0\u00a0\u00a0\u00a0\u00a0\u00a0\u00a0\u00a0\u00a0\u00a0\u00a0\u00a0\u00a0\u00a0\u00a0\u00a0\u00a0\u00a0\u00a0\u00a0\u00a0\u00a0\u00a0\u00a0\u00a0\u00a0\u00a0\u00a0\u00a0\u00a0\u00a0\u00a0\u00a0\u00a0\u00a0\u00a0\u00a0\u00a0\u00a0\u00a0\u00a0\u00a0\u00a0\u00a0\u00a0\u00a0\u00a0\u00a0\u00a0\u00a0\u00a0\u00a0\u00a0<\/strong><\/p>\n<p>Hr. Z\u00f6ller ist seit 1990 Mitglied des Deutschen Bundestages.<\/p>\n<p>Seit November 2009 ist er\u00a0 Ordentliches Mitglied im Ausschuss f\u00fcr Gesundheit und \u00a0Patientenbeauftragter der Bundesregierung<\/p>\n<p>Ich m\u00f6chte mich hier nochmal ganz herzlich bei Wolfgang Z\u00f6ller bedanken. Er hat mich auserw\u00e4hlt an diesem Programm teilzunehmen.<\/p>\n<p>\u00a0Ich werde 1 Jahr als Junior-Botschafter der Bundesrepublik Deutschland in den Vereinigten Staaten von Amerika fungieren.<\/p>\n<p>Http:\/\/www.wolfgang-zoeller.de\/hp113209\/FotoDownload.htm<strong>\u00a0\u00a0\u00a0\u00a0\u00a0\u00a0\u00a0\u00a0\u00a0\u00a0\u00a0\u00a0\u00a0\u00a0\u00a0\u00a0\u00a0\u00a0\u00a0\u00a0\u00a0\u00a0\u00a0\u00a0\u00a0\u00a0\u00a0\u00a0\u00a0\u00a0\u00a0\u00a0\u00a0<\/strong><\/p>\n","protected":false},"excerpt":{"rendered":"<p>Die Funktion als Pate \u00fcbernimmt f\u00fcr mich Wolfgang Z\u00f6ller MdB CSU: \u00a0\u00a0\u00a0\u00a0\u00a0\u00a0\u00a0\u00a0\u00a0\u00a0\u00a0\u00a0\u00a0\u00a0\u00a0\u00a0\u00a0\u00a0\u00a0\u00a0\u00a0\u00a0\u00a0\u00a0\u00a0\u00a0\u00a0\u00a0\u00a0\u00a0\u00a0\u00a0\u00a0\u00a0\u00a0\u00a0\u00a0\u00a0\u00a0\u00a0\u00a0\u00a0\u00a0\u00a0\u00a0\u00a0\u00a0\u00a0\u00a0\u00a0\u00a0\u00a0\u00a0\u00a0\u00a0\u00a0\u00a0\u00a0\u00a0\u00a0\u00a0\u00a0\u00a0\u00a0\u00a0\u00a0\u00a0\u00a0\u00a0\u00a0\u00a0\u00a0\u00a0\u00a0\u00a0\u00a0\u00a0\u00a0\u00a0\u00a0\u00a0\u00a0\u00a0\u00a0\u00a0\u00a0\u00a0\u00a0\u00a0\u00a0\u00a0\u00a0\u00a0\u00a0\u00a0 Hr. Z\u00f6ller ist seit 1990 Mitglied des Deutschen Bundestages. Seit November 2009 ist er\u00a0 Ordentliches Mitglied im Ausschuss f\u00fcr Gesundheit und \u00a0Patientenbeauftragter der Bundesregierung Ich m\u00f6chte mich hier &hellip; <a href=\"https:\/\/www.28ppp.de\/lisa-elbert\/mein-pate\/\">Weiterlesen <span class=\"meta-nav\">&rarr;<\/span><\/a><\/p>\n","protected":false},"author":32,"featured_media":0,"parent":0,"menu_order":2,"comment_status":"open","ping_status":"open","template":"","meta":{"ngg_post_thumbnail":0,"footnotes":""},"class_list":["post-8","page","type-page","status-publish","hentry"],"_links":{"self":[{"href":"https:\/\/www.28ppp.de\/lisa-elbert\/wp-json\/wp\/v2\/pages\/8","targetHints":{"allow":["GET"]}}],"collection":[{"href":"https:\/\/www.28ppp.de\/lisa-elbert\/wp-json\/wp\/v2\/pages"}],"about":[{"href":"https:\/\/www.28ppp.de\/lisa-elbert\/wp-json\/wp\/v2\/types\/page"}],"author":[{"embeddable":true,"href":"https:\/\/www.28ppp.de\/lisa-elbert\/wp-json\/wp\/v2\/users\/32"}],"replies":[{"embeddable":true,"href":"https:\/\/www.28ppp.de\/lisa-elbert\/wp-json\/wp\/v2\/comments?post=8"}],"version-history":[{"count":7,"href":"https:\/\/www.28ppp.de\/lisa-elbert\/wp-json\/wp\/v2\/pages\/8\/revisions"}],"predecessor-version":[{"id":35,"href":"https:\/\/www.28ppp.de\/lisa-elbert\/wp-json\/wp\/v2\/pages\/8\/revisions\/35"}],"wp:attachment":[{"href":"https:\/\/www.28ppp.de\/lisa-elbert\/wp-json\/wp\/v2\/media?parent=8"}],"curies":[{"name":"wp","href":"https:\/\/api.w.org\/{rel}","templated":true}]}}