{"id":25,"date":"2011-05-28T14:28:41","date_gmt":"2011-05-28T14:28:41","guid":{"rendered":"http:\/\/www.28ppp.de\/tobias-klug\/?page_id=25"},"modified":"2011-06-06T12:43:55","modified_gmt":"2011-06-06T12:43:55","slug":"mein-pate","status":"publish","type":"page","link":"https:\/\/www.28ppp.de\/tobias-klug\/mein-pate\/","title":{"rendered":"Mein Pate"},"content":{"rendered":"<p style=\"text-align: center\"><strong>Mein Pate:<\/strong><strong> <\/strong><\/p>\n<p style=\"text-align: center\"><strong>Dr. Michael Meister, MdB<\/strong><br \/>\nCDU Hessen, Wahlkreis 188 (Bergstra\u00dfe)<\/p>\n<p><strong> <\/strong><a href=\"http:\/\/27ppp.de\/alexandra-zintl\/files\/2010\/05\/Michael-Meister1.jpg\"><img loading=\"lazy\" decoding=\"async\" class=\"aligncenter\" src=\"http:\/\/27ppp.de\/alexandra-zintl\/files\/2010\/05\/Michael-Meister1.jpg\" alt=\"\" width=\"170\" height=\"240\" \/><\/a><\/p>\n<p style=\"text-align: center\">An dieser Stelle m\u00f6chte ich meinem Paten, Herrn Dr. Michael Meister  noch einmal ganz herzlich f\u00fcr die Nominierung zur Teilnahme am 28. PPP  danken!<\/p>\n<p style=\"text-align: center\">Vielen Dank, dass Sie mir diese toller Erfahrung zuteil werden lassen!<\/p>\n","protected":false},"excerpt":{"rendered":"<p>Mein Pate: Dr. Michael Meister, MdB CDU Hessen, Wahlkreis 188 (Bergstra\u00dfe) An dieser Stelle m\u00f6chte ich meinem Paten, Herrn Dr. Michael Meister noch einmal ganz herzlich f\u00fcr die Nominierung zur Teilnahme am 28. PPP danken! Vielen Dank, dass Sie mir diese toller Erfahrung zuteil werden lassen!<\/p>\n","protected":false},"author":16,"featured_media":0,"parent":0,"menu_order":0,"comment_status":"open","ping_status":"closed","template":"","meta":{"ngg_post_thumbnail":0,"footnotes":""},"class_list":["post-25","page","type-page","status-publish","hentry"],"_links":{"self":[{"href":"https:\/\/www.28ppp.de\/tobias-klug\/wp-json\/wp\/v2\/pages\/25","targetHints":{"allow":["GET"]}}],"collection":[{"href":"https:\/\/www.28ppp.de\/tobias-klug\/wp-json\/wp\/v2\/pages"}],"about":[{"href":"https:\/\/www.28ppp.de\/tobias-klug\/wp-json\/wp\/v2\/types\/page"}],"author":[{"embeddable":true,"href":"https:\/\/www.28ppp.de\/tobias-klug\/wp-json\/wp\/v2\/users\/16"}],"replies":[{"embeddable":true,"href":"https:\/\/www.28ppp.de\/tobias-klug\/wp-json\/wp\/v2\/comments?post=25"}],"version-history":[{"count":6,"href":"https:\/\/www.28ppp.de\/tobias-klug\/wp-json\/wp\/v2\/pages\/25\/revisions"}],"predecessor-version":[{"id":42,"href":"https:\/\/www.28ppp.de\/tobias-klug\/wp-json\/wp\/v2\/pages\/25\/revisions\/42"}],"wp:attachment":[{"href":"https:\/\/www.28ppp.de\/tobias-klug\/wp-json\/wp\/v2\/media?parent=25"}],"curies":[{"name":"wp","href":"https:\/\/api.w.org\/{rel}","templated":true}]}}